{"id":381,"date":"2023-03-23T00:01:14","date_gmt":"2023-03-23T00:01:14","guid":{"rendered":"https:\/\/fmujeresprogresistas.org\/enraizadas\/?page_id=381"},"modified":"2023-05-18T08:55:47","modified_gmt":"2023-05-18T08:55:47","slug":"recursos","status":"publish","type":"page","link":"https:\/\/fmujeresprogresistas.org\/enraizadas\/recursos\/","title":{"rendered":"Recursos"},"content":{"rendered":"<figure class=\"wp-block-post-featured-image\"><img loading=\"lazy\" decoding=\"async\" width=\"1366\" height=\"477\" src=\"https:\/\/fmujeresprogresistas.org\/enraizadas\/wp-content\/uploads\/2023\/04\/faldon-arriba-secciones3.jpg\" class=\"attachment-post-thumbnail size-post-thumbnail wp-post-image\" alt=\"\" style=\"object-fit:cover;\" srcset=\"https:\/\/fmujeresprogresistas.org\/enraizadas\/wp-content\/uploads\/2023\/04\/faldon-arriba-secciones3.jpg 1366w, https:\/\/fmujeresprogresistas.org\/enraizadas\/wp-content\/uploads\/2023\/04\/faldon-arriba-secciones3-300x105.jpg 300w, https:\/\/fmujeresprogresistas.org\/enraizadas\/wp-content\/uploads\/2023\/04\/faldon-arriba-secciones3-1024x358.jpg 1024w, https:\/\/fmujeresprogresistas.org\/enraizadas\/wp-content\/uploads\/2023\/04\/faldon-arriba-secciones3-768x268.jpg 768w\" sizes=\"auto, (max-width: 1366px) 100vw, 1366px\" \/><\/figure>\n\n\n<div style=\"height:51px\" aria-hidden=\"true\" class=\"wp-block-spacer\"><\/div>\n\n\n\n<h2 class=\"wp-block-heading has-text-align-center\"><mark style=\"background-color:rgba(0, 0, 0, 0)\" class=\"has-inline-color has-neve-link-color-color\">RECURSOS<\/mark><\/h2>\n\n\n\n<p><br>Aqu\u00ed tienes una recopilaci\u00f3n de recursos y publicaciones sobre el medio rural en estas tem\u00e1ticas: <\/p>\n\n\n\n<ul class=\"wp-block-list\">\n<li>Empleo<\/li>\n\n\n\n<li>Emprendimiento<\/li>\n\n\n\n<li>Salud de las mujeres rurales<\/li>\n\n\n\n<li>Violencia contra las mujeres<\/li>\n<\/ul>\n\n\n\n<div class=\"wp-block-columns is-layout-flex wp-container-core-columns-is-layout-9d6595d7 wp-block-columns-is-layout-flex\">\n<div class=\"wp-block-column is-layout-flow wp-block-column-is-layout-flow\"><form role=\"search\" method=\"get\" action=\"https:\/\/fmujeresprogresistas.org\/enraizadas\/\" class=\"wp-block-search__button-outside wp-block-search__text-button wp-block-search\"    ><label class=\"wp-block-search__label screen-reader-text\" for=\"wp-block-search__input-1\" >Buscar en recursos<\/label><div class=\"wp-block-search__inside-wrapper\"  style=\"width: 594px\"><input class=\"wp-block-search__input\" id=\"wp-block-search__input-1\" placeholder=\"\" value=\"\" type=\"search\" name=\"s\" required \/><button aria-label=\"Buscar\" class=\"wp-block-search__button has-text-color has-nv-site-bg-color wp-element-button\" type=\"submit\" >Buscar<\/button><\/div><\/form>\n\n<ul class=\"wp-block-latest-posts__list wp-block-latest-posts\"><li><div class=\"wp-block-latest-posts__featured-image alignleft\"><a href=\"https:\/\/fmujeresprogresistas.org\/enraizadas\/estrategia-estatal-para-combatir-las-violencias-machistas-2022-2025\/\" aria-label=\"Estrategia Estatal para combatir las Violencias Machistas 2022\u20132025\"><img loading=\"lazy\" decoding=\"async\" width=\"150\" height=\"150\" src=\"https:\/\/fmujeresprogresistas.org\/enraizadas\/wp-content\/uploads\/2023\/04\/Estrategia-150x150.png\" class=\"attachment-thumbnail size-thumbnail wp-post-image\" alt=\"Estrategia Estatal para combatir las Violencia Machistas 2022-2025\" style=\"\" \/><\/a><\/div><a class=\"wp-block-latest-posts__post-title\" href=\"https:\/\/fmujeresprogresistas.org\/enraizadas\/estrategia-estatal-para-combatir-las-violencias-machistas-2022-2025\/\">Estrategia Estatal para combatir las Violencias Machistas 2022\u20132025<\/a><div class=\"wp-block-latest-posts__post-excerpt\">Autor\u00eda: Ministerio de Igualdad -A\u00f1o: 2022-2025<\/div><\/li>\n<li><div class=\"wp-block-latest-posts__featured-image alignleft\"><a href=\"https:\/\/fmujeresprogresistas.org\/enraizadas\/brecha-digital-rural-y-de-genero\/\" aria-label=\"Brecha Digital, Rural y de G\u00e9nero\"><img loading=\"lazy\" decoding=\"async\" width=\"150\" height=\"150\" src=\"https:\/\/fmujeresprogresistas.org\/enraizadas\/wp-content\/uploads\/2023\/04\/Brecha-Digital-Rural-y-Genero-150x150.jpg\" class=\"attachment-thumbnail size-thumbnail wp-post-image\" alt=\"Brecha Digital, Rural y G\u00e9nero\" style=\"\" \/><\/a><\/div><a class=\"wp-block-latest-posts__post-title\" href=\"https:\/\/fmujeresprogresistas.org\/enraizadas\/brecha-digital-rural-y-de-genero\/\">Brecha Digital, Rural y de G\u00e9nero<\/a><div class=\"wp-block-latest-posts__post-excerpt\">Autor\u00eda: EAPN &#8211; A\u00f1o: 2022<\/div><\/li>\n<li><div class=\"wp-block-latest-posts__featured-image alignleft\"><a href=\"https:\/\/fmujeresprogresistas.org\/enraizadas\/agricultura-y-ganaderia-familiar-en-espana\/\" aria-label=\"Agricultura y Ganader\u00eda familiar en Espa\u00f1a\"><img loading=\"lazy\" decoding=\"async\" width=\"150\" height=\"150\" src=\"https:\/\/fmujeresprogresistas.org\/enraizadas\/wp-content\/uploads\/2023\/04\/Agricultrua-y-ganaderia-familiar-en-Espana-150x150.png\" class=\"attachment-thumbnail size-thumbnail wp-post-image\" alt=\"Agricultura y Ganader\u00eda familiar en Espa\u00f1a\" style=\"\" \/><\/a><\/div><a class=\"wp-block-latest-posts__post-title\" href=\"https:\/\/fmujeresprogresistas.org\/enraizadas\/agricultura-y-ganaderia-familiar-en-espana\/\">Agricultura y Ganader\u00eda familiar en Espa\u00f1a<\/a><div class=\"wp-block-latest-posts__post-excerpt\">Autor\u00eda: Fundaci\u00f3n de Estudios Rurales -A\u00f1o: 2022<\/div><\/li>\n<li><div class=\"wp-block-latest-posts__featured-image alignleft\"><a href=\"https:\/\/fmujeresprogresistas.org\/enraizadas\/diagnostico-de-la-igualdad-de-genero-en-el-medio-rural-2021\/\" aria-label=\"Diagn\u00f3stico de la Igualdad de G\u00e9nero en el Medio Rural 2021\"><img loading=\"lazy\" decoding=\"async\" width=\"150\" height=\"150\" src=\"https:\/\/fmujeresprogresistas.org\/enraizadas\/wp-content\/uploads\/2023\/05\/Diagnostico-Medio-Rural-150x150.jpg\" class=\"attachment-thumbnail size-thumbnail wp-post-image\" alt=\"\" style=\"\" \/><\/a><\/div><a class=\"wp-block-latest-posts__post-title\" href=\"https:\/\/fmujeresprogresistas.org\/enraizadas\/diagnostico-de-la-igualdad-de-genero-en-el-medio-rural-2021\/\">Diagn\u00f3stico de la Igualdad de G\u00e9nero en el Medio Rural 2021<\/a><div class=\"wp-block-latest-posts__post-excerpt\">Autor\u00eda: D.G. Desarrollo Rural, Innovaci\u00f3n y Formaci\u00f3n Agroalimentaria -A\u00f1o: 2021<\/div><\/li>\n<li><div class=\"wp-block-latest-posts__featured-image alignleft\"><a href=\"https:\/\/fmujeresprogresistas.org\/enraizadas\/informe-022021un-medio-ruralvivo-y-sostenible\/\" aria-label=\"Informe 02|2021 un Medio Rural Vivo y Sostenible\"><img loading=\"lazy\" decoding=\"async\" width=\"150\" height=\"150\" src=\"https:\/\/fmujeresprogresistas.org\/enraizadas\/wp-content\/uploads\/2023\/04\/Informe-2021-150x150.png\" class=\"attachment-thumbnail size-thumbnail wp-post-image\" alt=\"INFORME 02|2021UN MEDIO RURALVIVO Y SOSTENIBLE\" style=\"\" \/><\/a><\/div><a class=\"wp-block-latest-posts__post-title\" href=\"https:\/\/fmujeresprogresistas.org\/enraizadas\/informe-022021un-medio-ruralvivo-y-sostenible\/\">Informe 02|2021 un Medio Rural Vivo y Sostenible<\/a><div class=\"wp-block-latest-posts__post-excerpt\">Autor\u00eda: Consejo econ\u00f3mico y social Espa\u00f1a -A\u00f1o: 2021<\/div><\/li>\n<li><div class=\"wp-block-latest-posts__featured-image alignleft\"><a href=\"https:\/\/fmujeresprogresistas.org\/enraizadas\/estudio-mujer-rural\/\" aria-label=\"Estudio Mujer Rural\"><img loading=\"lazy\" decoding=\"async\" width=\"150\" height=\"150\" src=\"https:\/\/fmujeresprogresistas.org\/enraizadas\/wp-content\/uploads\/2023\/04\/01-EstudioMujerRural_2020_minatura-1-150x150.png\" class=\"attachment-thumbnail size-thumbnail wp-post-image\" alt=\"Estudio Mujer Rural\" style=\"\" \/><\/a><\/div><a class=\"wp-block-latest-posts__post-title\" href=\"https:\/\/fmujeresprogresistas.org\/enraizadas\/estudio-mujer-rural\/\">Estudio Mujer Rural<\/a><div class=\"wp-block-latest-posts__post-excerpt\">Autor\u00eda: Red Espa\u00f1ola de Desarrollo Rural &#8211; A\u00f1o: 2020<\/div><\/li>\n<li><div class=\"wp-block-latest-posts__featured-image alignleft\"><a href=\"https:\/\/fmujeresprogresistas.org\/enraizadas\/mujeres-victimas-de-violencia-de-genero-en-el-mundo-rural\/\" aria-label=\"Mujeres V\u00edctimas de Violencia de G\u00e9nero en el Mundo Rural\"><img loading=\"lazy\" decoding=\"async\" width=\"150\" height=\"150\" src=\"https:\/\/fmujeresprogresistas.org\/enraizadas\/wp-content\/uploads\/2023\/04\/Mujeres-victimas-de-VG-en-el-mundo-rural-150x150.png\" class=\"attachment-thumbnail size-thumbnail wp-post-image\" alt=\"\" style=\"\" \/><\/a><\/div><a class=\"wp-block-latest-posts__post-title\" href=\"https:\/\/fmujeresprogresistas.org\/enraizadas\/mujeres-victimas-de-violencia-de-genero-en-el-mundo-rural\/\">Mujeres V\u00edctimas de Violencia de G\u00e9nero en el Mundo Rural<\/a><div class=\"wp-block-latest-posts__post-excerpt\">Autor\u00eda:Delegaci\u00f3n del Gobierno contra la Violencia de G\u00e9nero -A\u00f1o: 2020<\/div><\/li>\n<li><div class=\"wp-block-latest-posts__featured-image alignleft\"><a href=\"https:\/\/fmujeresprogresistas.org\/enraizadas\/estudio-sobre-las-mujeres-mayores-de-65-anos-victimas-de-violencia-de-genero\/\" aria-label=\"Estudio sobre las Mujeres Mayores de 65 A\u00f1os V\u00edctimas de Violencia de G\u00e9nero\"><img loading=\"lazy\" decoding=\"async\" width=\"150\" height=\"150\" src=\"https:\/\/fmujeresprogresistas.org\/enraizadas\/wp-content\/uploads\/2023\/05\/Estudio_VG_Mayores_65-1-150x150.jpg\" class=\"attachment-thumbnail size-thumbnail wp-post-image\" alt=\"Estudio Sobre las Mujeres Mayores de 65 A\u00f1os V\u00edctimas de Violencia De G\u00e9nero\" style=\"\" \/><\/a><\/div><a class=\"wp-block-latest-posts__post-title\" href=\"https:\/\/fmujeresprogresistas.org\/enraizadas\/estudio-sobre-las-mujeres-mayores-de-65-anos-victimas-de-violencia-de-genero\/\">Estudio sobre las Mujeres Mayores de 65 A\u00f1os V\u00edctimas de Violencia de G\u00e9nero<\/a><div class=\"wp-block-latest-posts__post-excerpt\">Autor\u00eda: Delegaci\u00f3n del Gobierno para la Violencia de G\u00e9nero. Este&hellip;&nbsp;<a href=\"https:\/\/fmujeresprogresistas.org\/enraizadas\/estudio-sobre-las-mujeres-mayores-de-65-anos-victimas-de-violencia-de-genero\/\" rel=\"bookmark\">Leer m\u00e1s &raquo;<span class=\"screen-reader-text\">Estudio sobre las Mujeres Mayores de 65 A\u00f1os V\u00edctimas de Violencia de G\u00e9nero<\/span><\/a><\/div><\/li>\n<li><div class=\"wp-block-latest-posts__featured-image alignleft\"><a href=\"https:\/\/fmujeresprogresistas.org\/enraizadas\/estudio-de-sobre-la-violencia-de-genero-en-el-medio-rural-de-castilla-y-leon\/\" aria-label=\"Estudio de sobre la Violencia de G\u00e9nero en el Medio Rural de Castilla y Le\u00f3n\"><img loading=\"lazy\" decoding=\"async\" width=\"150\" height=\"150\" src=\"https:\/\/fmujeresprogresistas.org\/enraizadas\/wp-content\/uploads\/2023\/05\/7.estudio-violencia-mujer-rural-150x150.png\" class=\"attachment-thumbnail size-thumbnail wp-post-image\" alt=\"Estudio de Sobre la Violencia de G\u00e9nero en el Medio Rural de Castilla y Le\u00f3n\" style=\"\" \/><\/a><\/div><a class=\"wp-block-latest-posts__post-title\" href=\"https:\/\/fmujeresprogresistas.org\/enraizadas\/estudio-de-sobre-la-violencia-de-genero-en-el-medio-rural-de-castilla-y-leon\/\">Estudio de sobre la Violencia de G\u00e9nero en el Medio Rural de Castilla y Le\u00f3n<\/a><div class=\"wp-block-latest-posts__post-excerpt\">Autor\u00eda: ISMUR&nbsp; Iniciativa Social de Mujeres Rurales (Castilla y Le\u00f3n)&hellip;&nbsp;<a href=\"https:\/\/fmujeresprogresistas.org\/enraizadas\/estudio-de-sobre-la-violencia-de-genero-en-el-medio-rural-de-castilla-y-leon\/\" rel=\"bookmark\">Leer m\u00e1s &raquo;<span class=\"screen-reader-text\">Estudio de sobre la Violencia de G\u00e9nero en el Medio Rural de Castilla y Le\u00f3n<\/span><\/a><\/div><\/li>\n<li><div class=\"wp-block-latest-posts__featured-image alignleft\"><a href=\"https:\/\/fmujeresprogresistas.org\/enraizadas\/las-mujeres-y-ninas-con-discapacidad-en-el-ambito-rural-en-espana\/\" aria-label=\"Las Mujeres y Ni\u00f1as con Discapacidad en el \u00c1mbito Rural en Espa\u00f1a\"><img loading=\"lazy\" decoding=\"async\" width=\"150\" height=\"150\" src=\"https:\/\/fmujeresprogresistas.org\/enraizadas\/wp-content\/uploads\/2023\/05\/12.OED-MUJERES-CON-DISCAPACIDAD-MEDIO-RURAL-1-150x150.png\" class=\"attachment-thumbnail size-thumbnail wp-post-image\" alt=\"\" style=\"\" \/><\/a><\/div><a class=\"wp-block-latest-posts__post-title\" href=\"https:\/\/fmujeresprogresistas.org\/enraizadas\/las-mujeres-y-ninas-con-discapacidad-en-el-ambito-rural-en-espana\/\">Las Mujeres y Ni\u00f1as con Discapacidad en el \u00c1mbito Rural en Espa\u00f1a<\/a><div class=\"wp-block-latest-posts__post-excerpt\">Autor\u00eda: Observatorio Estatal de la Discapacidad-A\u00f1o: 2018<\/div><\/li>\n<li><div class=\"wp-block-latest-posts__featured-image alignleft\"><a href=\"https:\/\/fmujeresprogresistas.org\/enraizadas\/la-reproduccion-de-la-violencia-de-genero-una-lectura-desde-las-areas-rurales\/\" aria-label=\"La Reproducci\u00f3n de la Violencia de G\u00e9nero: Una Lectura desde las \u00c1reas Rurales\"><img loading=\"lazy\" decoding=\"async\" width=\"150\" height=\"150\" src=\"https:\/\/fmujeresprogresistas.org\/enraizadas\/wp-content\/uploads\/2023\/05\/9.La-reproduccion-de-la-VG-en-el-medio-rural_2015-2-150x150.png\" class=\"attachment-thumbnail size-thumbnail wp-post-image\" alt=\"La Reproducci\u00f3n de la Violencia de G\u00e9nero: Una Lectura desde las \u00c1reas Rurales\" style=\"\" \/><\/a><\/div><a class=\"wp-block-latest-posts__post-title\" href=\"https:\/\/fmujeresprogresistas.org\/enraizadas\/la-reproduccion-de-la-violencia-de-genero-una-lectura-desde-las-areas-rurales\/\">La Reproducci\u00f3n de la Violencia de G\u00e9nero: Una Lectura desde las \u00c1reas Rurales<\/a><div class=\"wp-block-latest-posts__post-excerpt\">Autor\u00eda: Mar\u00eda \u00c1ngeles Mart\u00ednez Garc\u00eda y Luis Alfonso Camarero Universidad&hellip;&nbsp;<a href=\"https:\/\/fmujeresprogresistas.org\/enraizadas\/la-reproduccion-de-la-violencia-de-genero-una-lectura-desde-las-areas-rurales\/\" rel=\"bookmark\">Leer m\u00e1s &raquo;<span class=\"screen-reader-text\">La Reproducci\u00f3n de la Violencia de G\u00e9nero: Una Lectura desde las \u00c1reas Rurales<\/span><\/a><\/div><\/li>\n<li><div class=\"wp-block-latest-posts__featured-image alignleft\"><a href=\"https:\/\/fmujeresprogresistas.org\/enraizadas\/medio-rural-trabajando-en-femenino\/\" aria-label=\"Medio Rural: trabajando en femenino\"><img loading=\"lazy\" decoding=\"async\" width=\"150\" height=\"150\" src=\"https:\/\/fmujeresprogresistas.org\/enraizadas\/wp-content\/uploads\/2023\/05\/10.MR-trabajando-en-femenino_digital_-150x150.png\" class=\"attachment-thumbnail size-thumbnail wp-post-image\" alt=\"Medio Rural: trabajando en femenino\" style=\"\" \/><\/a><\/div><a class=\"wp-block-latest-posts__post-title\" href=\"https:\/\/fmujeresprogresistas.org\/enraizadas\/medio-rural-trabajando-en-femenino\/\">Medio Rural: trabajando en femenino<\/a><div class=\"wp-block-latest-posts__post-excerpt\">Autor\u00eda: Ministerio de Agricultura, Alimentaci\u00f3n y Medio Ambiente -A\u00f1o: 2013<\/div><\/li>\n<\/ul><\/div>\n<\/div>\n\n\n\n<div style=\"height:100px\" aria-hidden=\"true\" class=\"wp-block-spacer\"><\/div>\n","protected":false},"excerpt":{"rendered":"<p>RECURSOS Aqu\u00ed tienes una recopilaci\u00f3n de recursos y publicaciones sobre el medio rural en estas tem\u00e1ticas:<\/p>\n","protected":false},"author":1,"featured_media":582,"parent":0,"menu_order":0,"comment_status":"closed","ping_status":"closed","template":"","meta":{"neve_meta_sidebar":"","neve_meta_container":"contained","neve_meta_enable_content_width":"","neve_meta_content_width":0,"neve_meta_title_alignment":"left","neve_meta_author_avatar":"","neve_post_elements_order":"","neve_meta_disable_header":"","neve_meta_disable_footer":"","neve_meta_disable_title":"on","neve_meta_reading_time":"","_themeisle_gutenberg_block_has_review":false,"_ti_tpc_template_sync":false,"_ti_tpc_template_id":"","footnotes":""},"class_list":["post-381","page","type-page","status-publish","has-post-thumbnail","hentry"],"_links":{"self":[{"href":"https:\/\/fmujeresprogresistas.org\/enraizadas\/wp-json\/wp\/v2\/pages\/381","targetHints":{"allow":["GET"]}}],"collection":[{"href":"https:\/\/fmujeresprogresistas.org\/enraizadas\/wp-json\/wp\/v2\/pages"}],"about":[{"href":"https:\/\/fmujeresprogresistas.org\/enraizadas\/wp-json\/wp\/v2\/types\/page"}],"author":[{"embeddable":true,"href":"https:\/\/fmujeresprogresistas.org\/enraizadas\/wp-json\/wp\/v2\/users\/1"}],"replies":[{"embeddable":true,"href":"https:\/\/fmujeresprogresistas.org\/enraizadas\/wp-json\/wp\/v2\/comments?post=381"}],"version-history":[{"count":19,"href":"https:\/\/fmujeresprogresistas.org\/enraizadas\/wp-json\/wp\/v2\/pages\/381\/revisions"}],"predecessor-version":[{"id":934,"href":"https:\/\/fmujeresprogresistas.org\/enraizadas\/wp-json\/wp\/v2\/pages\/381\/revisions\/934"}],"wp:featuredmedia":[{"embeddable":true,"href":"https:\/\/fmujeresprogresistas.org\/enraizadas\/wp-json\/wp\/v2\/media\/582"}],"wp:attachment":[{"href":"https:\/\/fmujeresprogresistas.org\/enraizadas\/wp-json\/wp\/v2\/media?parent=381"}],"curies":[{"name":"wp","href":"https:\/\/api.w.org\/{rel}","templated":true}]}}