{"id":379,"date":"2023-03-23T00:00:19","date_gmt":"2023-03-23T00:00:19","guid":{"rendered":"https:\/\/fmujeresprogresistas.org\/enraizadas\/?page_id=379"},"modified":"2023-04-13T09:52:53","modified_gmt":"2023-04-13T09:52:53","slug":"agenda-2030","status":"publish","type":"page","link":"https:\/\/fmujeresprogresistas.org\/enraizadas\/agenda-2030\/","title":{"rendered":"Agenda 2030"},"content":{"rendered":"<figure class=\"wp-block-post-featured-image\"><img loading=\"lazy\" decoding=\"async\" width=\"1366\" height=\"477\" src=\"https:\/\/fmujeresprogresistas.org\/enraizadas\/wp-content\/uploads\/2023\/04\/faldon-arriba-secciones4.jpg\" class=\"attachment-post-thumbnail size-post-thumbnail wp-post-image\" alt=\"\" style=\"object-fit:cover;\" srcset=\"https:\/\/fmujeresprogresistas.org\/enraizadas\/wp-content\/uploads\/2023\/04\/faldon-arriba-secciones4.jpg 1366w, https:\/\/fmujeresprogresistas.org\/enraizadas\/wp-content\/uploads\/2023\/04\/faldon-arriba-secciones4-300x105.jpg 300w, https:\/\/fmujeresprogresistas.org\/enraizadas\/wp-content\/uploads\/2023\/04\/faldon-arriba-secciones4-1024x358.jpg 1024w, https:\/\/fmujeresprogresistas.org\/enraizadas\/wp-content\/uploads\/2023\/04\/faldon-arriba-secciones4-768x268.jpg 768w\" sizes=\"auto, (max-width: 1366px) 100vw, 1366px\" \/><\/figure>\n\n\n<div style=\"height:32px\" aria-hidden=\"true\" class=\"wp-block-spacer\"><\/div>\n\n\n\n<h2 class=\"wp-block-heading has-text-align-center\"><mark style=\"background-color:rgba(0, 0, 0, 0)\" class=\"has-inline-color has-neve-link-color-color\">Agenda 2030<\/mark><\/h2>\n\n\n\n<p>El Proyecto Enraizadas est\u00e1 en l\u00ednea con la<strong>\u202fEstrategia de Desarrollo Sostenible 2030<\/strong>\u202fal tener en cuenta el desarrollo social y econ\u00f3mico de las zonas rurales dotando de protagonismo a sus residentes y enmarcado en dos aspectos clave la eco-dependencia y la interdependencia de los seres humanos.\u00a0<\/p>\n\n\n\n<p>Una de las principales causas de la migraci\u00f3n del campo a la ciudad es la b\u00fasqueda de empleo, concentrando a las personas en las grandes urbes y despoblando los pueblos no solo de personas sino tambi\u00e9n de servicios y recursos, lo que a su vez genera m\u00e1s despoblaci\u00f3n y unas desigualdades patentes en calidad de vida y oportunidades entre el campo y la ciudad. Esta migraci\u00f3n se da de manera m\u00e1s intensa entre las mujeres, produciendo una masculinizaci\u00f3n del medio rural que es imprescindible revertir, contando con la participaci\u00f3n real de las mismas, teniendo en cuenta sus especificidades y abordando la problem\u00e1tica que les afecta.&nbsp;<\/p>\n\n\n\n<p>El proyecto contribuye a los desaf\u00edos a los que nos enfrentamos actualmente y que se deben abordar y solucionar para cumplir con la\u202f<strong>Agenda 2030<\/strong>\u202fy sus\u202f<strong>Objetivos de Desarrollo Sostenible<\/strong>. En concreto aborda problem\u00e1ticas estructurales teniendo un impacto muy relevante en los distintos objetivos y metas que componen la Agenda 2030 como son:&nbsp;<\/p>\n\n\n\n<p><strong>Objetivo 1:<\/strong><a href=\"https:\/\/www.un.org\/sustainabledevelopment\/es\/poverty\/\" target=\"_blank\" rel=\"noreferrer noopener\"><strong>\u202fFin de la Pobreza<\/strong><\/a>&nbsp;<\/p>\n\n\n\n<p><strong>Objetivo 3:<\/strong><a href=\"https:\/\/www.un.org\/sustainabledevelopment\/es\/health\/\" target=\"_blank\" rel=\"noreferrer noopener\"><strong>\u202fSalud y Bienestar<\/strong><\/a>&nbsp;<\/p>\n\n\n\n<p><strong>Objetivo 5:<\/strong><a href=\"https:\/\/www.un.org\/sustainabledevelopment\/es\/gender-equality\/\" target=\"_blank\" rel=\"noreferrer noopener\"><strong>\u202fIgualdad de G\u00e9nero<\/strong><\/a>&nbsp;<\/p>\n\n\n\n<p><strong>Objetivo 10:\u202f<\/strong><a href=\"https:\/\/www.un.org\/sustainabledevelopment\/es\/inequality\/\" target=\"_blank\" rel=\"noreferrer noopener\"><strong>Reducci\u00f3n de las desigualdades<\/strong><\/a>&nbsp;<\/p>\n\n\n\n<p><strong>M\u00c1S INFORMACI\u00d3N<\/strong>&nbsp;<\/p>\n\n\n\n<p><a href=\"https:\/\/www.mdsocialesa2030.gob.es\/agenda2030\/index.htm\" target=\"_blank\" rel=\"noreferrer noopener\"><strong>AGENDA 2030- Ministerio de Derechos Sociales y Agenda 2030<\/strong><\/a>&nbsp;<\/p>\n\n\n\n<p><a href=\"https:\/\/www.un.org\/sustainabledevelopment\/es\/\" target=\"_blank\" rel=\"noreferrer noopener\"><strong>OBJETIVOS DE DESARROLLO SOSTENIBLE-Naciones Unidas<\/strong><\/a>&nbsp;<\/p>\n\n\n\n<figure class=\"wp-block-image size-large\"><img loading=\"lazy\" decoding=\"async\" width=\"1024\" height=\"455\" src=\"https:\/\/fmujeresprogresistas.org\/enraizadas\/wp-content\/uploads\/2023\/04\/ODS-y-Enraizadas-2-1024x455.png\" alt=\"\" class=\"wp-image-527\" srcset=\"https:\/\/fmujeresprogresistas.org\/enraizadas\/wp-content\/uploads\/2023\/04\/ODS-y-Enraizadas-2-1024x455.png 1024w, https:\/\/fmujeresprogresistas.org\/enraizadas\/wp-content\/uploads\/2023\/04\/ODS-y-Enraizadas-2-300x133.png 300w, https:\/\/fmujeresprogresistas.org\/enraizadas\/wp-content\/uploads\/2023\/04\/ODS-y-Enraizadas-2-768x341.png 768w, https:\/\/fmujeresprogresistas.org\/enraizadas\/wp-content\/uploads\/2023\/04\/ODS-y-Enraizadas-2.png 1366w\" sizes=\"auto, (max-width: 1024px) 100vw, 1024px\" \/><\/figure>\n","protected":false},"excerpt":{"rendered":"<p>Agenda 2030 El Proyecto Enraizadas est\u00e1 en l\u00ednea con la\u202fEstrategia de Desarrollo Sostenible 2030\u202fal tener en cuenta el desarrollo social y econ\u00f3mico de las zonas rurales dotando de protagonismo a sus residentes y enmarcado en dos aspectos clave la eco-dependencia y la interdependencia de los seres humanos.\u00a0 Una de las principales causas de la migraci\u00f3n&hellip;&nbsp;<a href=\"https:\/\/fmujeresprogresistas.org\/enraizadas\/agenda-2030\/\" rel=\"bookmark\">Leer m\u00e1s &raquo;<span class=\"screen-reader-text\">Agenda 2030<\/span><\/a><\/p>\n","protected":false},"author":1,"featured_media":584,"parent":0,"menu_order":0,"comment_status":"closed","ping_status":"closed","template":"","meta":{"neve_meta_sidebar":"","neve_meta_container":"","neve_meta_enable_content_width":"","neve_meta_content_width":0,"neve_meta_title_alignment":"","neve_meta_author_avatar":"","neve_post_elements_order":"","neve_meta_disable_header":"","neve_meta_disable_footer":"","neve_meta_disable_title":"on","neve_meta_reading_time":"","_themeisle_gutenberg_block_has_review":false,"_ti_tpc_template_sync":false,"_ti_tpc_template_id":"","footnotes":""},"class_list":["post-379","page","type-page","status-publish","has-post-thumbnail","hentry"],"_links":{"self":[{"href":"https:\/\/fmujeresprogresistas.org\/enraizadas\/wp-json\/wp\/v2\/pages\/379","targetHints":{"allow":["GET"]}}],"collection":[{"href":"https:\/\/fmujeresprogresistas.org\/enraizadas\/wp-json\/wp\/v2\/pages"}],"about":[{"href":"https:\/\/fmujeresprogresistas.org\/enraizadas\/wp-json\/wp\/v2\/types\/page"}],"author":[{"embeddable":true,"href":"https:\/\/fmujeresprogresistas.org\/enraizadas\/wp-json\/wp\/v2\/users\/1"}],"replies":[{"embeddable":true,"href":"https:\/\/fmujeresprogresistas.org\/enraizadas\/wp-json\/wp\/v2\/comments?post=379"}],"version-history":[{"count":15,"href":"https:\/\/fmujeresprogresistas.org\/enraizadas\/wp-json\/wp\/v2\/pages\/379\/revisions"}],"predecessor-version":[{"id":737,"href":"https:\/\/fmujeresprogresistas.org\/enraizadas\/wp-json\/wp\/v2\/pages\/379\/revisions\/737"}],"wp:featuredmedia":[{"embeddable":true,"href":"https:\/\/fmujeresprogresistas.org\/enraizadas\/wp-json\/wp\/v2\/media\/584"}],"wp:attachment":[{"href":"https:\/\/fmujeresprogresistas.org\/enraizadas\/wp-json\/wp\/v2\/media?parent=379"}],"curies":[{"name":"wp","href":"https:\/\/api.w.org\/{rel}","templated":true}]}}