{"id":371,"date":"2023-03-22T23:55:50","date_gmt":"2023-03-22T23:55:50","guid":{"rendered":"https:\/\/fmujeresprogresistas.org\/enraizadas\/?page_id=371"},"modified":"2023-04-12T10:23:21","modified_gmt":"2023-04-12T10:23:21","slug":"el-proyecto","status":"publish","type":"page","link":"https:\/\/fmujeresprogresistas.org\/enraizadas\/el-proyecto\/","title":{"rendered":"El Proyecto"},"content":{"rendered":"\n<hr class=\"wp-block-separator has-text-color has-alpha-channel-opacity has-background is-style-default\" style=\"background-color:#681975;color:#681975\"\/>\n\n\n<figure class=\"wp-block-post-featured-image\"><img loading=\"lazy\" decoding=\"async\" width=\"1366\" height=\"477\" src=\"https:\/\/fmujeresprogresistas.org\/enraizadas\/wp-content\/uploads\/2023\/03\/faldon-arriba-secciones.jpg\" class=\"attachment-post-thumbnail size-post-thumbnail wp-post-image\" alt=\"\" style=\"object-fit:cover;\" srcset=\"https:\/\/fmujeresprogresistas.org\/enraizadas\/wp-content\/uploads\/2023\/03\/faldon-arriba-secciones.jpg 1366w, https:\/\/fmujeresprogresistas.org\/enraizadas\/wp-content\/uploads\/2023\/03\/faldon-arriba-secciones-300x105.jpg 300w, https:\/\/fmujeresprogresistas.org\/enraizadas\/wp-content\/uploads\/2023\/03\/faldon-arriba-secciones-1024x358.jpg 1024w, https:\/\/fmujeresprogresistas.org\/enraizadas\/wp-content\/uploads\/2023\/03\/faldon-arriba-secciones-768x268.jpg 768w\" sizes=\"auto, (max-width: 1366px) 100vw, 1366px\" \/><\/figure>\n\n\n<p><\/p>\n\n\n\n<h2 class=\"wp-block-heading has-text-align-center\"><mark style=\"background-color:rgba(0, 0, 0, 0)\" class=\"has-inline-color has-neve-link-color-color\">El Proyecto<\/mark><\/h2>\n\n\n\n<p><strong>ENRAIZADAS<\/strong> busca favorecer el acceso de las mujeres que habitan el medio rural a los recursos psicosociales, econ\u00f3micos y de empleo por medio de la investigaci\u00f3n, el fomento de la participaci\u00f3n y el acercamiento a los recursos existentes en el entorno rural para lograr la igualdad de g\u00e9nero y el empoderamiento de todas las mujeres y las ni\u00f1as.<\/p>\n\n\n\n<p>Para ello se basa en la identificaci\u00f3n de las necesidades psicosociales, de salud, econ\u00f3micas, de empleo y emprendimiento de las mujeres que residen en el entorno rural, el an\u00e1lisis de la realidad actual en cuanto al acceso, participaci\u00f3n y disfrute de los recursos que atienden o pueden atender estas necesidades y el desarrollo de un proyecto piloto para enriquecer y fortalecer la respuesta profesional coordinada de los recursos que dan respuesta a estas mujeres.<\/p>\n\n\n\n<p>El programa, financiado por el <strong>Ministerio de Derechos Sociales y Agenda 2030<\/strong>, tiene un firme compromiso con la participaci\u00f3n real de las mujeres, profesionales y agentes del medio rural, as\u00ed como con la transferencia del conocimiento adquirido para potenciar su incidencia social y el desarrollo rural sostenible.<\/p>\n\n\n\n<p><\/p>\n\n\n<div class=\"wp-block-image\">\n<figure class=\"aligncenter size-large\"><img loading=\"lazy\" decoding=\"async\" width=\"1024\" height=\"1024\" src=\"https:\/\/fmujeresprogresistas.org\/enraizadas\/wp-content\/uploads\/2023\/04\/IMAGEN-RRSS-_1a-y-2a-difusion-1024x1024.png\" alt=\"\" class=\"wp-image-576\" srcset=\"https:\/\/fmujeresprogresistas.org\/enraizadas\/wp-content\/uploads\/2023\/04\/IMAGEN-RRSS-_1a-y-2a-difusion-1024x1024.png 1024w, https:\/\/fmujeresprogresistas.org\/enraizadas\/wp-content\/uploads\/2023\/04\/IMAGEN-RRSS-_1a-y-2a-difusion-300x300.png 300w, https:\/\/fmujeresprogresistas.org\/enraizadas\/wp-content\/uploads\/2023\/04\/IMAGEN-RRSS-_1a-y-2a-difusion-150x150.png 150w, https:\/\/fmujeresprogresistas.org\/enraizadas\/wp-content\/uploads\/2023\/04\/IMAGEN-RRSS-_1a-y-2a-difusion-768x768.png 768w, https:\/\/fmujeresprogresistas.org\/enraizadas\/wp-content\/uploads\/2023\/04\/IMAGEN-RRSS-_1a-y-2a-difusion.png 1080w\" sizes=\"auto, (max-width: 1024px) 100vw, 1024px\" \/><\/figure>\n<\/div>","protected":false},"excerpt":{"rendered":"<p>El Proyecto ENRAIZADAS busca favorecer el acceso de las mujeres que habitan el medio rural a los recursos psicosociales, econ\u00f3micos y de empleo por medio de la investigaci\u00f3n, el fomento de la participaci\u00f3n y el acercamiento a los recursos existentes en el entorno rural para lograr la igualdad de g\u00e9nero y el empoderamiento de todas&hellip;&nbsp;<a href=\"https:\/\/fmujeresprogresistas.org\/enraizadas\/el-proyecto\/\" rel=\"bookmark\">Leer m\u00e1s &raquo;<span class=\"screen-reader-text\">El Proyecto<\/span><\/a><\/p>\n","protected":false},"author":1,"featured_media":412,"parent":0,"menu_order":0,"comment_status":"closed","ping_status":"closed","template":"","meta":{"neve_meta_sidebar":"","neve_meta_container":"contained","neve_meta_enable_content_width":"","neve_meta_content_width":0,"neve_meta_title_alignment":"","neve_meta_author_avatar":"","neve_post_elements_order":"","neve_meta_disable_header":"","neve_meta_disable_footer":"","neve_meta_disable_title":"on","neve_meta_reading_time":"","_themeisle_gutenberg_block_has_review":false,"_ti_tpc_template_sync":false,"_ti_tpc_template_id":"","footnotes":""},"class_list":["post-371","page","type-page","status-publish","has-post-thumbnail","hentry"],"_links":{"self":[{"href":"https:\/\/fmujeresprogresistas.org\/enraizadas\/wp-json\/wp\/v2\/pages\/371","targetHints":{"allow":["GET"]}}],"collection":[{"href":"https:\/\/fmujeresprogresistas.org\/enraizadas\/wp-json\/wp\/v2\/pages"}],"about":[{"href":"https:\/\/fmujeresprogresistas.org\/enraizadas\/wp-json\/wp\/v2\/types\/page"}],"author":[{"embeddable":true,"href":"https:\/\/fmujeresprogresistas.org\/enraizadas\/wp-json\/wp\/v2\/users\/1"}],"replies":[{"embeddable":true,"href":"https:\/\/fmujeresprogresistas.org\/enraizadas\/wp-json\/wp\/v2\/comments?post=371"}],"version-history":[{"count":10,"href":"https:\/\/fmujeresprogresistas.org\/enraizadas\/wp-json\/wp\/v2\/pages\/371\/revisions"}],"predecessor-version":[{"id":698,"href":"https:\/\/fmujeresprogresistas.org\/enraizadas\/wp-json\/wp\/v2\/pages\/371\/revisions\/698"}],"wp:featuredmedia":[{"embeddable":true,"href":"https:\/\/fmujeresprogresistas.org\/enraizadas\/wp-json\/wp\/v2\/media\/412"}],"wp:attachment":[{"href":"https:\/\/fmujeresprogresistas.org\/enraizadas\/wp-json\/wp\/v2\/media?parent=371"}],"curies":[{"name":"wp","href":"https:\/\/api.w.org\/{rel}","templated":true}]}}