{"id":369,"date":"2023-03-22T23:52:59","date_gmt":"2023-03-22T23:52:59","guid":{"rendered":"https:\/\/fmujeresprogresistas.org\/enraizadas\/?page_id=369"},"modified":"2023-04-12T10:21:29","modified_gmt":"2023-04-12T10:21:29","slug":"fmp","status":"publish","type":"page","link":"https:\/\/fmujeresprogresistas.org\/enraizadas\/fmp\/","title":{"rendered":"FMP"},"content":{"rendered":"\n<hr class=\"wp-block-separator has-text-color has-alpha-channel-opacity has-background\" style=\"background-color:#681975;color:#681975\"\/>\n\n\n<figure class=\"wp-block-post-featured-image\"><img loading=\"lazy\" decoding=\"async\" width=\"1366\" height=\"477\" src=\"https:\/\/fmujeresprogresistas.org\/enraizadas\/wp-content\/uploads\/2023\/04\/faldon-arriba-secciones6.jpg\" class=\"attachment-post-thumbnail size-post-thumbnail wp-post-image\" alt=\"\" style=\"object-fit:cover;\" srcset=\"https:\/\/fmujeresprogresistas.org\/enraizadas\/wp-content\/uploads\/2023\/04\/faldon-arriba-secciones6.jpg 1366w, https:\/\/fmujeresprogresistas.org\/enraizadas\/wp-content\/uploads\/2023\/04\/faldon-arriba-secciones6-300x105.jpg 300w, https:\/\/fmujeresprogresistas.org\/enraizadas\/wp-content\/uploads\/2023\/04\/faldon-arriba-secciones6-1024x358.jpg 1024w, https:\/\/fmujeresprogresistas.org\/enraizadas\/wp-content\/uploads\/2023\/04\/faldon-arriba-secciones6-768x268.jpg 768w\" sizes=\"auto, (max-width: 1366px) 100vw, 1366px\" \/><\/figure>\n\n\n<div style=\"height:100px\" aria-hidden=\"true\" class=\"wp-block-spacer\"><\/div>\n\n\n\n<h2 class=\"wp-block-heading has-text-align-center\"><mark style=\"background-color:rgba(0, 0, 0, 0)\" class=\"has-inline-color has-neve-link-color-color\">La FMP<\/mark><\/h2>\n\n\n\n<p class=\"has-text-align-left\">La<strong> <a href=\"https:\/\/fmujeresprogresistas.org\/\">Federaci\u00f3n de Mujeres Progresistas<\/a> <\/strong>(FMP) es una organizaci\u00f3n no gubernamental de \u00e1mbito estatal y declarada de utilidad p\u00fablica, que cuenta con una experiencia de m\u00e1s de 35 a\u00f1os en la defensa de los derechos de las mujeres, la visibilizaci\u00f3n de las principales discriminaciones que sufren en todos los \u00e1mbitos (laboral, familiar, social, etc.) y la puesta en marcha de medidas para erradicarlas. Y lo hacemos desde nuestras asociaciones, federaciones y dem\u00e1s colectivos de \u00e1mbito nacional, auton\u00f3mico, provincial y municipal, que llega a conformar un tejido asociativo cercano a las 23.000 personas.<\/p>\n\n\n\n<figure class=\"wp-block-image is-resized\"><a href=\"https:\/\/fmujeresprogresistas.org\/\"><img loading=\"lazy\" decoding=\"async\" src=\"https:\/\/fmujeresprogresistas.org\/enraizadas\/wp-content\/uploads\/2023\/04\/Imagen-Su-scaled.jpg\" alt=\"\" class=\"wp-image-577\" width=\"1171\" height=\"770\" srcset=\"https:\/\/fmujeresprogresistas.org\/enraizadas\/wp-content\/uploads\/2023\/04\/Imagen-Su-scaled.jpg 2560w, https:\/\/fmujeresprogresistas.org\/enraizadas\/wp-content\/uploads\/2023\/04\/Imagen-Su-300x197.jpg 300w, https:\/\/fmujeresprogresistas.org\/enraizadas\/wp-content\/uploads\/2023\/04\/Imagen-Su-1024x674.jpg 1024w, https:\/\/fmujeresprogresistas.org\/enraizadas\/wp-content\/uploads\/2023\/04\/Imagen-Su-768x505.jpg 768w, https:\/\/fmujeresprogresistas.org\/enraizadas\/wp-content\/uploads\/2023\/04\/Imagen-Su-1536x1011.jpg 1536w, https:\/\/fmujeresprogresistas.org\/enraizadas\/wp-content\/uploads\/2023\/04\/Imagen-Su-2048x1348.jpg 2048w\" sizes=\"auto, (max-width: 1171px) 100vw, 1171px\" \/><\/a><\/figure>\n\n\n\n<div style=\"height:100px\" aria-hidden=\"true\" class=\"wp-block-spacer\"><\/div>\n","protected":false},"excerpt":{"rendered":"<p>La FMP La Federaci\u00f3n de Mujeres Progresistas (FMP) es una organizaci\u00f3n no gubernamental de \u00e1mbito estatal y declarada de utilidad p\u00fablica, que cuenta con una experiencia de m\u00e1s de 35 a\u00f1os en la defensa de los derechos de las mujeres, la visibilizaci\u00f3n de las principales discriminaciones que sufren en todos los \u00e1mbitos (laboral, familiar, social,&hellip;&nbsp;<a href=\"https:\/\/fmujeresprogresistas.org\/enraizadas\/fmp\/\" rel=\"bookmark\">Leer m\u00e1s &raquo;<span class=\"screen-reader-text\">FMP<\/span><\/a><\/p>\n","protected":false},"author":1,"featured_media":583,"parent":0,"menu_order":0,"comment_status":"closed","ping_status":"closed","template":"","meta":{"neve_meta_sidebar":"","neve_meta_container":"contained","neve_meta_enable_content_width":"","neve_meta_content_width":0,"neve_meta_title_alignment":"","neve_meta_author_avatar":"","neve_post_elements_order":"","neve_meta_disable_header":"","neve_meta_disable_footer":"","neve_meta_disable_title":"on","neve_meta_reading_time":"","_themeisle_gutenberg_block_has_review":false,"_ti_tpc_template_sync":false,"_ti_tpc_template_id":"","footnotes":""},"class_list":["post-369","page","type-page","status-publish","has-post-thumbnail","hentry"],"_links":{"self":[{"href":"https:\/\/fmujeresprogresistas.org\/enraizadas\/wp-json\/wp\/v2\/pages\/369","targetHints":{"allow":["GET"]}}],"collection":[{"href":"https:\/\/fmujeresprogresistas.org\/enraizadas\/wp-json\/wp\/v2\/pages"}],"about":[{"href":"https:\/\/fmujeresprogresistas.org\/enraizadas\/wp-json\/wp\/v2\/types\/page"}],"author":[{"embeddable":true,"href":"https:\/\/fmujeresprogresistas.org\/enraizadas\/wp-json\/wp\/v2\/users\/1"}],"replies":[{"embeddable":true,"href":"https:\/\/fmujeresprogresistas.org\/enraizadas\/wp-json\/wp\/v2\/comments?post=369"}],"version-history":[{"count":8,"href":"https:\/\/fmujeresprogresistas.org\/enraizadas\/wp-json\/wp\/v2\/pages\/369\/revisions"}],"predecessor-version":[{"id":694,"href":"https:\/\/fmujeresprogresistas.org\/enraizadas\/wp-json\/wp\/v2\/pages\/369\/revisions\/694"}],"wp:featuredmedia":[{"embeddable":true,"href":"https:\/\/fmujeresprogresistas.org\/enraizadas\/wp-json\/wp\/v2\/media\/583"}],"wp:attachment":[{"href":"https:\/\/fmujeresprogresistas.org\/enraizadas\/wp-json\/wp\/v2\/media?parent=369"}],"curies":[{"name":"wp","href":"https:\/\/api.w.org\/{rel}","templated":true}]}}