{"id":186,"date":"2025-06-18T18:37:47","date_gmt":"2025-06-18T16:37:47","guid":{"rendered":"https:\/\/fmujeresprogresistas.org\/datafem\/?page_id=186"},"modified":"2025-12-03T13:08:17","modified_gmt":"2025-12-03T12:08:17","slug":"argumentario","status":"publish","type":"page","link":"https:\/\/fmujeresprogresistas.org\/datafem\/argumentario\/","title":{"rendered":"ARGUMENTARIO"},"content":{"rendered":"\n<figure class=\"wp-block-image size-large is-resized\"><img fetchpriority=\"high\" decoding=\"async\" width=\"1024\" height=\"229\" src=\"https:\/\/fmujeresprogresistas.org\/datafem\/wp-content\/uploads\/2025\/06\/Cabecera-web-aRGUMENTARIO-1-1024x229.png\" alt=\"\" class=\"wp-image-268\" style=\"width:1178px;height:auto\" srcset=\"https:\/\/fmujeresprogresistas.org\/datafem\/wp-content\/uploads\/2025\/06\/Cabecera-web-aRGUMENTARIO-1-1024x229.png 1024w, https:\/\/fmujeresprogresistas.org\/datafem\/wp-content\/uploads\/2025\/06\/Cabecera-web-aRGUMENTARIO-1-300x67.png 300w, https:\/\/fmujeresprogresistas.org\/datafem\/wp-content\/uploads\/2025\/06\/Cabecera-web-aRGUMENTARIO-1-768x172.png 768w, https:\/\/fmujeresprogresistas.org\/datafem\/wp-content\/uploads\/2025\/06\/Cabecera-web-aRGUMENTARIO-1-1536x344.png 1536w, https:\/\/fmujeresprogresistas.org\/datafem\/wp-content\/uploads\/2025\/06\/Cabecera-web-aRGUMENTARIO-1-2048x459.png 2048w\" sizes=\"(max-width: 1024px) 100vw, 1024px\" \/><\/figure>\n\n\n\n<p class=\"has-medium-font-size\"><strong>EMPLEO:<\/strong><\/p>\n\n\n\n<p>Desde la FMP consideramos que las mujeres en el \u00e1mbito laboral siguen enfrent\u00e1ndose a importantes barreras como la segregaci\u00f3n vertical y horizontal, la brecha salarial y mayores tasas de desempleo e inactividad. Asimismo, persiste la precariedad en sectores altamente feminizados como el de los cuidados, caracterizados por bajos salarios, escaso reconocimiento y condiciones inestables. Las mujeres siguen afrontando dificultades de conciliaci\u00f3n, especialmente las familias monomarentales, lo que contribuye a perpetuar desigualdades de g\u00e9nero.<\/p>\n\n\n\n<p>Nuestros programas de inserci\u00f3n sociolaboral, desde la perspectiva de g\u00e9nero y con un enfoque integral, pretenden apoyar a las mujeres a trav\u00e9s de itinerarios de inserci\u00f3n laboral, incluyendo asesoramiento y acompa\u00f1amiento personalizado, reforzando competencias y habilidades personales, profesionales y digitales, todas ellas fundamentales tanto para la b\u00fasqueda y el acceso al de empleo como para el mantenimiento del mismo.<\/p>\n\n\n\n<p><strong>Enlaces a publicaciones de inter\u00e9s:<\/strong><\/p>\n\n\n\n<p>El TRABAJO de BUSCAR TRABAJO GU\u00cdA para ACOMPA\u00d1ARTE en el PROCESO<\/p>\n\n\n\n<p><a href=\"https:\/\/fmujeresprogresistas.org\/wp-content\/uploads\/2020\/11\/Guia_Conectadas_por_el_empleo_2020.pdf\">https:\/\/fmujeresprogresistas.org\/wp-content\/uploads\/2020\/11\/Guia_Conectadas_por_el_empleo_2020.pdf<\/a><\/p>\n\n\n\n<p>GU\u00cdA de BUENAS PR\u00c1CTICAS: TRABAJAR LA MIRADA EN LOS SERVICIOS DE ORIENTACI\u00d3N LABORAL:MUJERES EN SITUACI\u00d3N DE PROSTITUCI\u00d3N OCASIONAL<\/p>\n\n\n\n<p><a href=\"https:\/\/fmujeresprogresistas.org\/wp-content\/uploads\/2023\/01\/GuiaMujeresSituacionProstitucionOcasionalReedicion2020.pdf\">https:\/\/fmujeresprogresistas.org\/wp-content\/uploads\/2023\/01\/GuiaMujeresSituacionProstitucionOcasionalReedicion2020.pdf<\/a><\/p>\n\n\n\n<p>GU\u00cdA DE CONTRATACI\u00d3N RESPONSABLE EN EL EMPLEO DEL HOGAR Y DE LOS CUIDADOS<\/p>\n\n\n\n<p><a href=\"https:\/\/fmujeresprogresistas.org\/wp-content\/uploads\/2024\/05\/Guia-Esenciales-2024.pdf\">https:\/\/fmujeresprogresistas.org\/wp-content\/uploads\/2024\/05\/Guia-Esenciales-2024.pdf<\/a><\/p>\n\n\n\n<p class=\"has-medium-font-size\"><strong>MUJERES EN EL MEDIO RURAL:<\/strong><\/p>\n\n\n\n<p>Desde su estudio <em>Enraizadas<\/em>, la Federaci\u00f3n de Mujeres Progresistas ha centrado su atenci\u00f3n en las realidades y demandas de las mujeres rurales. Este informe identifica las necesidades psicosociales, de salud, econ\u00f3micas, de empleo y de emprendimiento de las mujeres que habitan en entornos rurales, analizando tambi\u00e9n las barreras y oportunidades en su acceso a los recursos sociales.<\/p>\n\n\n\n<p><strong>Enlaces a publicaciones de inter\u00e9s:<\/strong><\/p>\n\n\n\n<p>ENRAIZADAS-Estudio de necesidades desde la experiencia de las mujeres del medio rural 2023<\/p>\n\n\n\n<p><a href=\"https:\/\/fmujeresprogresistas.org\/wp-content\/uploads\/2024\/05\/Estudio-Enraizadas-2023.pdf\">https:\/\/fmujeresprogresistas.org\/wp-content\/uploads\/2024\/05\/Estudio-Enraizadas-2023.pdf<\/a><\/p>\n\n\n\n<p>Infograf\u00edas de Enraizadas (v\u00eddeos locutados): <a href=\"https:\/\/fmujeresprogresistas.org\/enraizadas\/sensibilizacion\/\">https:\/\/fmujeresprogresistas.org\/enraizadas\/sensibilizacion\/<\/a><strong><\/strong><\/p>\n\n\n\n<p class=\"has-medium-font-size\"><strong>MUJERES MAYORES:<\/strong><\/p>\n\n\n\n<p>Desde nuestro compromiso como entidad feminista, centramos nuestra labor en visibilizar y combatir las m\u00faltiples desigualdades que atraviesan en la vida las mujeres. Desarrollamos estrategias transformadoras para erradicarlas desde un enfoque interseccional. Uno de los \u00e1mbitos donde estas desigualdades se manifiestan de forma m\u00e1s acuciante es el de la salud, especialmente en el caso de las mujeres mayores.<strong><\/strong><\/p>\n\n\n\n<p><strong>Informe diagn\u00f3stico SABIAS<\/strong><\/p>\n\n\n\n<p><a href=\"https:\/\/fmujeresprogresistas.org\/wp-content\/uploads\/2023\/10\/Informe-Diagnostico-SABIAS-2023.pdf\">https:\/\/fmujeresprogresistas.org\/wp-content\/uploads\/2023\/10\/Informe-Diagnostico-SABIAS-2023.pdf<\/a><a href=\"https:\/\/www.youtube.com\/watch?v=-FbNB0W0iy4&amp;list=PLX-EjMkN5sD2NBK_GbFWWGt8asb9yXdGh\">Campa\u00f1a Sabias 2023<\/a><\/p>\n\n\n\n<p class=\"has-medium-font-size\"><strong>VIOLENCIA CONTRA LAS MUJERES:<\/strong><\/p>\n\n\n\n<p>La violencia de g\u00e9nero es un fen\u00f3meno universal que supone una violaci\u00f3n de los derechos humanos cuya causa es la grave desigualdad entre hombres y mujeres. La violencia masculina contra las mujeres es una violencia estructural que tiene que ver con la sociedad patriarcal en que vivimos y forma parte de una estrategia que tiene como fin \u00faltimo el control y sometimiento de las mujeres. Existen distintos tipos de violencia (psicol\u00f3gica, sexual, f\u00edsica, econ\u00f3mica\u2026) que se producen en contextos muy diversos y cuyas consecuencias para la salud de las mujeres es enorme.<\/p>\n\n\n\n<p>Desde la FMP trabajamos para favorecer la recuperaci\u00f3n y el empoderamiento de las v\u00edctimas, adem\u00e1s de acciones de sensibilizaci\u00f3n y formaci\u00f3n para la ciudadan\u00eda.<\/p>\n\n\n\n<p><strong>Enlaces a publicaciones de inter\u00e9s:<\/strong><\/p>\n\n\n\n<p>-Campa\u00f1a A por todas 2025: <a href=\"https:\/\/youtu.be\/siuMa92xQoI\">https:\/\/youtu.be\/siuMa92xQoI<\/a><\/p>\n\n\n\n<p class=\"has-medium-font-size\"><strong>VIOLENCIA SEXUAL<\/strong>:<\/p>\n\n\n\n<p>La violencia sexual es una manifestaci\u00f3n m\u00e1s de la violencia de g\u00e9nero, se trata de una violencia dirigida a las mujeres por el mero hecho de serlo. Es una forma de ejercer y mantener el dominio y control sobre las mujeres y sobre su cuerpo mediante el abuso de poder.<\/p>\n\n\n\n<p>Tiene multitud de maneras de manifestarse, siendo algunas de ellas m\u00e1s conocidas y visibilizadas y otras m\u00e1s desconocidas y, muchas de ellas, normalizadas. La poblaci\u00f3n joven es un segmento poblacional donde las relaciones sentimentales y sexuales empiezan a m\u00e1s temprana edad que antes. La formaci\u00f3n afectivo-sexual sigue estando bastante ausente y sus habituales referentes son los medios de comunicaci\u00f3n, cine, pornograf\u00eda y contenidos de las redes sociales. La escalada de violencia suele ser m\u00e1s r\u00e1pida a estas edades y las relaciones de corta duraci\u00f3n. La violencia m\u00e1s habitual es la psicol\u00f3gica y la sexual. El uso de las nuevas tecnolog\u00edas se ha convertido, sin lugar a dudas, tambi\u00e9n en un elemento potenciador.<\/p>\n\n\n\n<p>La violencia sexual se presenta como un continuo, que va desde la violencia m\u00e1s hostil, extrema e identificada claramente como tal: la violaci\u00f3n; hasta la violencia aparentemente m\u00e1s sutil, normalizada y no identificada como puede ser el acoso callejero.<\/p>\n\n\n\n<p>Actualmente, con la Ley Org\u00e1nica de garant\u00eda integral de la libertad sexual, &nbsp;podemos hablar de un nuevo marco conceptual y jur\u00eddico de la violencia sexual que visibiliza las distintas formas de violencia sexual contra las mujeres, suponiendo esto un gran avance social.<\/p>\n\n\n\n<p><strong>Campa\u00f1a Cortando con la Violencia Sexual<\/strong><\/p>\n\n\n\n<p><a href=\"https:\/\/fmujeresprogresistas.org\/campana-sensibilizacion\">https:\/\/fmujeresprogresistas.org\/campana-sensibilizacion<\/a><\/p>\n\n\n\n<p class=\"has-medium-font-size\"><strong>MATRIMONIOS FORZADOS:<\/strong><\/p>\n\n\n\n<p>El matrimonio forzado es una forma extrema de violencia de g\u00e9nero que afecta principalmente a mujeres j\u00f3venes y ni\u00f1as, priv\u00e1ndolas de sus derechos fundamentales. Esta desigualdad est\u00e1 profundamente arraigada en las estructuras de poder que asocian a las mujeres y ni\u00f1as con el cuidado y el honor familiar, lo que aumenta su vulnerabilidad ante este tipo de violencia. Al ser forzadas a casarse, no solo pierden su autonom\u00eda y libertad, sino que tambi\u00e9n quedan expuestas a otras formas de violencia.&nbsp;<\/p>\n\n\n\n<p>A pesar de los avances normativos en materia de igualdad y lucha contra la violencia de g\u00e9nero, en el contexto europeo y espa\u00f1ol, los matrimonios forzados siguen representando un desaf\u00edo urgente y complejo. Nos encontramos con una violencia que sigue estando invisibilizada, infra detectada y, en muchos casos, mal interpretada o reducida a una cuesti\u00f3n cultural o migratoria.&nbsp;<\/p>\n\n\n\n<p><strong>Enlaces a publicaciones de inter\u00e9s:<\/strong>&nbsp;<\/p>\n\n\n\n<ul class=\"wp-block-list\">\n<li><strong>Web \u201cNO ACEPTO\u201d Red de trabajo sobre los matrimonios forzados en Espa\u00f1a<\/strong>&nbsp;<\/li>\n<\/ul>\n\n\n\n<figure class=\"wp-block-embed is-type-wp-embed is-provider-no-acepto wp-block-embed-no-acepto\"><div class=\"wp-block-embed__wrapper\">\n<blockquote class=\"wp-embedded-content\" data-secret=\"IG3NTdupPw\"><a href=\"https:\/\/noacepto.es\/\">Inicio (versi\u00f3n 2020)<\/a><\/blockquote><iframe class=\"wp-embedded-content\" sandbox=\"allow-scripts\" security=\"restricted\" style=\"position: absolute; visibility: hidden;\" title=\"\u00abInicio (versi\u00f3n 2020)\u00bb \u2014 NO ACEPTO\" src=\"https:\/\/noacepto.es\/embed\/#?secret=W72z9ZiDyR#?secret=IG3NTdupPw\" data-secret=\"IG3NTdupPw\" width=\"600\" height=\"338\" frameborder=\"0\" marginwidth=\"0\" marginheight=\"0\" scrolling=\"no\"><\/iframe>\n<\/div><\/figure>\n\n\n\n<p><strong>&#8211; \u201cNO ACEPTO\u201d Aproximaci\u00f3n a los matrimonios forzados en Espa\u00f1a desde la mirada de las y los profesionales de la Comunidad de Madrid y Catalu\u00f1a. 2018.&nbsp; <\/strong>En este documento se recogen los acuerdos y las propuestas de trabajo de diferentes profesionales que trabajan d\u00eda a d\u00eda con personas en riesgo de ser obligadas a contraer matrimonio.&nbsp;&nbsp;<\/p>\n\n\n\n<p><a href=\"https:\/\/noacepto.es\/wp-content\/uploads\/2021\/09\/NO-ACEPTO.-Aproximacion-a-los-matrimonios-forzados-en-Espana-INFORME.pdf\">https:\/\/noacepto.es\/wp-content\/uploads\/2021\/09\/NO-ACEPTO.-Aproximacion-a-los-matrimonios-forzados-en-Espana-INFORME.pdf<\/a><\/p>\n\n\n\n<p><strong>-ALIANZAS. An\u00e1lisis comparado de estrategias frente a los matrimonios forzados. 2024. <\/strong>Este an\u00e1lisis comparado tiene como objetivo mejorar la respuesta institucional frente a la problem\u00e1tica de los matrimonios forzados, aumentando el conocimiento sobre las normativas y las estrategias de actuaci\u00f3n disponibles en Espa\u00f1a, Reino Unido y B\u00e9lgica.&nbsp;&nbsp;<\/p>\n\n\n\n<figure class=\"wp-block-embed is-type-wp-embed is-provider-no-acepto wp-block-embed-no-acepto\"><div class=\"wp-block-embed__wrapper\">\n<blockquote class=\"wp-embedded-content\" data-secret=\"wbh0Xeog8D\"><a href=\"https:\/\/noacepto.es\/biblioteca\/alianzas-analisis-comparado-de-estrategias-frente-a-los-matrimonios-forzados\/\">ALIANZAS. An\u00e1lisis comparado de estrategias frente a los matrimonios forzados<\/a><\/blockquote><iframe class=\"wp-embedded-content\" sandbox=\"allow-scripts\" security=\"restricted\" style=\"position: absolute; visibility: hidden;\" title=\"\u00abALIANZAS. An\u00e1lisis comparado de estrategias frente a los matrimonios forzados\u00bb \u2014 NO ACEPTO\" src=\"https:\/\/noacepto.es\/biblioteca\/alianzas-analisis-comparado-de-estrategias-frente-a-los-matrimonios-forzados\/embed\/#?secret=hS5LFsqDSE#?secret=wbh0Xeog8D\" data-secret=\"wbh0Xeog8D\" width=\"600\" height=\"338\" frameborder=\"0\" marginwidth=\"0\" marginheight=\"0\" scrolling=\"no\"><\/iframe>\n<\/div><\/figure>\n\n\n\n<p class=\"has-medium-font-size\"><strong>EXPLOTACI\u00d3N SEXUAL, PROSTITUCI\u00d3N Y TRATA<\/strong>:<\/p>\n\n\n\n<p>La explotaci\u00f3n sexual de mujeres y ni\u00f1as se lleva a cabo en m\u00faltiples formas, siendo las m\u00e1s frecuentes la prostituci\u00f3n, la trata, el turismo sexual y los matrimonios forzados.<\/p>\n\n\n\n<p>La prostituci\u00f3n es un fen\u00f3meno complejo que debe ser analizado teniendo en cuenta los diferentes factores que intervienen en el mismo, como son las migraciones, la feminizaci\u00f3n de la pobreza, la feminizaci\u00f3n de las responsabilidades y no perdiendo de vista la cuesti\u00f3n de g\u00e9nero. La prostituci\u00f3n es una forma de violencia de g\u00e9nero, en la que se cosifica a la mujer y se la degrada al pagar por ella, por su sexualidad, por su cuerpo y su dignidad. La compra y venta del cuerpo, conlleva una perpetuaci\u00f3n de la desigualdad social.<\/p>\n\n\n\n<p>La prostituci\u00f3n es un exponente m\u00e1s de la dominaci\u00f3n masculina y las relaciones de tipo patriarcal en que se sustenta. Se trata de un tipo de violencia sexual contra las mujeres, enmascarado por el hecho de que genera una \u201cremuneraci\u00f3n\u201d a la mujer. El consumo de prostituci\u00f3n no es sexo sino dominaci\u00f3n.<\/p>\n\n\n\n<p>La FMP defiende la abolici\u00f3n de la prostituci\u00f3n porque su legalizaci\u00f3n o descriminalizaci\u00f3n incrementar\u00eda su demanda, supondr\u00eda promover el tr\u00e1fico sexual, expandir la industria del sexo e incrementar la prostituci\u00f3n clandestina y callejera, promoviendo incluso la prostituci\u00f3n infantil. Es necesario proteger a las mujeres y la \u00fanica forma de hacerlo es aboliendo esta pr\u00e1ctica.<\/p>\n\n\n\n<p>La existencia del fen\u00f3meno de la prostituci\u00f3n es la causa de la trata de mujeres con fines de explotaci\u00f3n sexual, en este sentido defender su regulaci\u00f3n supone contribuir al mantenimiento del fen\u00f3meno-delito de la trata, adem\u00e1s de legitimar de este modo, la violencia contra las mujeres.<\/p>\n\n\n\n<p>&nbsp;En el momento actual, la prostituci\u00f3n y la trata de mujeres con fines de explotaci\u00f3n sexual son dos fen\u00f3menos estrechamente interrelacionados que no pueden, ni deben, desvincularse. La distinci\u00f3n intencionada que se produce en algunos sectores perjudica a la protecci\u00f3n de las v\u00edctimas, centrando las acciones en las v\u00edctimas de trata e ignorando al resto de mujeres explotadas sexualmente y que no pueden ser identificadas como tratadas.<\/p>\n\n\n\n<p>La Trata de personas con fines de explotaci\u00f3n sexual es una vulneraci\u00f3n de los DDHH, una forma de esclavitud moderna y una representaci\u00f3n m\u00e1s de la VG contra las mujeres. Este fen\u00f3meno puede ser nacional (las mujeres son trasladadas de una zona a otra dentro de su propio pa\u00eds) o transnacional (son trasladadas a otro pa\u00eds).<\/p>\n\n\n\n<p>La&nbsp;<a href=\"https:\/\/apramp.org\/la-red-espanola-contra-la-trata-de-personas-rectp-piden-urgencia-al-gobierno-para-la-aprobacion-de-la-ley-organica-integral-contra-la-trata-y-la-explotacion-de-seres-humanos\/\" target=\"_blank\" rel=\"noreferrer noopener\">Red Espa\u00f1ola contra la Trata de Personas (RECTP)<\/a>&nbsp;, de la que formamos parte, ha solicitado al Gobierno espa\u00f1ol que apruebe de manera urgente la Ley Integral contra la Trata y la Explotaci\u00f3n de Seres Humanos, criticando los retrasos en su tramitaci\u00f3n.<\/p>\n\n\n\n<p><strong>Gu\u00eda para desenmascarar ofertas de empleo fraudulentas PROTEGE (Trata) 2024<\/strong>&nbsp;<\/p>\n\n\n\n<p><a href=\"https:\/\/fmujeresprogresistas.org\/download\/111488\/?tmstv=1738928539\">https:\/\/fmujeresprogresistas.org\/download\/111488\/?tmstv=1738928539<\/a><\/p>\n\n\n\n<p><strong>Investigaci\u00f3n Feminizaci\u00f3n de la supervivencia y prostituci\u00f3n ocasional 2018<\/strong>&nbsp;<\/p>\n\n\n\n<p><a href=\"https:\/\/fmujeresprogresistas.org\/wp-content\/uploads\/2018\/12\/InvestigacionFeminizacionsupervivenciayProstitucionOcasional.pdf\">https:\/\/fmujeresprogresistas.org\/wp-content\/uploads\/2018\/12\/InvestigacionFeminizacionsupervivenciayProstitucionOcasional.pdf<\/a><\/p>\n\n\n\n<p><\/p>\n\n\n\n<p><\/p>\n","protected":false},"excerpt":{"rendered":"<p>EMPLEO: Desde la FMP consideramos que las mujeres en el \u00e1mbito laboral siguen enfrent\u00e1ndose a importantes barreras como la segregaci\u00f3n vertical y horizontal, la brecha salarial y mayores tasas de desempleo e inactividad. Asimismo, persiste la precariedad en sectores altamente feminizados como el de los cuidados, caracterizados por bajos salarios, escaso reconocimiento y condiciones inestables&#8230;.<\/p>\n","protected":false},"author":2,"featured_media":0,"parent":0,"menu_order":0,"comment_status":"closed","ping_status":"closed","template":"","meta":{"_kad_post_transparent":"","_kad_post_title":"","_kad_post_layout":"","_kad_post_sidebar_id":"","_kad_post_content_style":"","_kad_post_vertical_padding":"","_kad_post_feature":"","_kad_post_feature_position":"","_kad_post_header":false,"_kad_post_footer":false,"_kad_post_classname":"","footnotes":""},"class_list":["post-186","page","type-page","status-publish","hentry"],"_links":{"self":[{"href":"https:\/\/fmujeresprogresistas.org\/datafem\/wp-json\/wp\/v2\/pages\/186","targetHints":{"allow":["GET"]}}],"collection":[{"href":"https:\/\/fmujeresprogresistas.org\/datafem\/wp-json\/wp\/v2\/pages"}],"about":[{"href":"https:\/\/fmujeresprogresistas.org\/datafem\/wp-json\/wp\/v2\/types\/page"}],"author":[{"embeddable":true,"href":"https:\/\/fmujeresprogresistas.org\/datafem\/wp-json\/wp\/v2\/users\/2"}],"replies":[{"embeddable":true,"href":"https:\/\/fmujeresprogresistas.org\/datafem\/wp-json\/wp\/v2\/comments?post=186"}],"version-history":[{"count":10,"href":"https:\/\/fmujeresprogresistas.org\/datafem\/wp-json\/wp\/v2\/pages\/186\/revisions"}],"predecessor-version":[{"id":349,"href":"https:\/\/fmujeresprogresistas.org\/datafem\/wp-json\/wp\/v2\/pages\/186\/revisions\/349"}],"wp:attachment":[{"href":"https:\/\/fmujeresprogresistas.org\/datafem\/wp-json\/wp\/v2\/media?parent=186"}],"curies":[{"name":"wp","href":"https:\/\/api.w.org\/{rel}","templated":true}]}}